{"id":3357,"date":"2020-04-15T16:16:12","date_gmt":"2020-04-15T14:16:12","guid":{"rendered":"http:\/\/mediapark6.de\/?page_id=3357"},"modified":"2024-02-08T08:46:21","modified_gmt":"2024-02-08T07:46:21","slug":"datenschutz","status":"publish","type":"page","link":"https:\/\/mediapark6.de\/en\/datenschutz\/","title":{"rendered":"Data Protection Declaration"},"content":{"rendered":"<div data-elementor-type=\"wp-page\" data-elementor-id=\"3357\" class=\"elementor elementor-3357\">\n\t\t\t\t\t\t<div class=\"elementor-inner\">\n\t\t\t\t<div class=\"elementor-section-wrap\">\n\t\t\t\t\t\t\t\t\t<section class=\"elementor-section elementor-top-section elementor-element elementor-element-71ef4d4 elementor-section-stretched elementor-section-full_width elementor-section-height-default elementor-section-height-default\" data-id=\"71ef4d4\" data-element_type=\"section\" data-settings=\"{&quot;stretch_section&quot;:&quot;section-stretched&quot;}\">\n\t\t\t\t\t\t<div class=\"elementor-container elementor-column-gap-no\">\n\t\t\t\t\t\t\t<div class=\"elementor-row\">\n\t\t\t\t\t<div class=\"elementor-column elementor-col-100 elementor-top-column elementor-element elementor-element-b32b31d\" data-id=\"b32b31d\" data-element_type=\"column\">\n\t\t\t<div class=\"elementor-column-wrap elementor-element-populated\">\n\t\t\t\t\t\t\t<div class=\"elementor-widget-wrap\">\n\t\t\t\t\t\t<section class=\"elementor-section elementor-inner-section elementor-element elementor-element-25fa29c elementor-section-boxed elementor-section-height-default elementor-section-height-default\" data-id=\"25fa29c\" data-element_type=\"section\">\n\t\t\t\t\t\t<div class=\"elementor-container elementor-column-gap-wide\">\n\t\t\t\t\t\t\t<div class=\"elementor-row\">\n\t\t\t\t\t<div class=\"elementor-column elementor-col-100 elementor-inner-column elementor-element elementor-element-a9089c7\" data-id=\"a9089c7\" data-element_type=\"column\">\n\t\t\t<div class=\"elementor-column-wrap elementor-element-populated\">\n\t\t\t\t\t\t\t<div class=\"elementor-widget-wrap\">\n\t\t\t\t\t\t<div class=\"elementor-element elementor-element-4319a28 elementor-widget elementor-widget-spacer\" data-id=\"4319a28\" data-element_type=\"widget\" data-widget_type=\"spacer.default\">\n\t\t\t\t<div class=\"elementor-widget-container\">\n\t\t\t\t\t<div class=\"elementor-spacer\">\n\t\t\t<div class=\"elementor-spacer-inner\"><\/div>\n\t\t<\/div>\n\t\t\t\t<\/div>\n\t\t\t\t<\/div>\n\t\t\t\t<div class=\"elementor-element elementor-element-eba0b45 white elementor-widget elementor-widget-text-editor\" data-id=\"eba0b45\" data-element_type=\"widget\" data-widget_type=\"text-editor.default\">\n\t\t\t\t<div class=\"elementor-widget-container\">\n\t\t\t\t\t\t\t\t<div class=\"elementor-text-editor elementor-clearfix\">\n\t\t\t\t<h2>Data Protection Declaration<\/h2>\n<h4>The responsible authority in terms of data protection laws is:<\/h4>\n<p>Blackbear Real Estate GmbH<\/p>\n<h4>Capture of General Information:<\/h4>\n<p>When you access our website, general information is automatically captured. This information (server log files) includes the type of web browser, operating system used, the domain name of your internet service provider, and similar details. These are exclusively information that does not allow any conclusions to be drawn about your person. This information is technically necessary to correctly deliver the content of websites requested by you and is unavoidable when using the internet. Anonymous information of this kind is statistically evaluated by us to optimize our internet presence and the technology behind it.<\/p>\n<h4>Data Deletion or Blocking:<\/h4>\n<p>We adhere to the principles of data avoidance and data minimization. Therefore, we only store your personal data for as long as necessary to achieve the purposes mentioned here or as required by the various retention periods prescribed by law. After the respective purpose has ceased to apply or after the expiry of these deadlines, the corresponding data will be routinely blocked or deleted in accordance with the statutory provisions.<\/p>\n<h4>Your Rights to Information, Correction, Blocking, Deletion, and Objection:<\/h4>\n<p>You have the right to obtain information about your personal data stored by us at any time. Likewise, you have the right to correction, blocking, or, apart from the prescribed data storage for business transactions, deletion of your personal data. Please contact our data protection officer for this purpose. You can find the contact details at the bottom. In order to ensure that data blocking can be taken into account at any time, this data must be kept in a blocking file for control purposes. You can also demand the deletion of data, provided that there is no legal obligation to archive such data. If such an obligation exists, we will block your data upon request. You can make changes or revoke your consent for the future by informing us accordingly.<\/p>\n<h4>Cookie-Liste:<\/h4>\n<p>Necessary Cookies: These cookies are essential for the functioning of the website and cannot be disabled in your systems. Usually, these cookies are only set in response to actions you take that constitute a service request, such as setting your privacy preferences, logging in, or filling out forms. You can set your browser to block these cookies or to notify you about them, but some areas of the website may not function properly as a result. These cookies do not store any personal data.<\/p>\n<table style=\"width: 100%;\">\n<tbody>\n<tr>\n<th>Name<\/th>\n<th>Host<\/th>\n<th>Validity<\/th>\n<\/tr>\n<tr>\n<td>PHPSESSID<\/td>\n<td>mediapark6.de<\/td>\n<td>Session<\/td>\n<\/tr>\n<tr>\n<td>wordpress_test_cookie<\/td>\n<td>mediapark6.de<\/td>\n<td>Session<\/td>\n<\/tr>\n<tr>\n<td>wordpress_sec<\/td>\n<td>mediapark6.de<\/td>\n<td>1 year<\/td>\n<\/tr>\n<tr>\n<td>wordpress_akm_mobile<\/td>\n<td>mediapark6.de<\/td>\n<td>1 year<\/td>\n<\/tr>\n<tr>\n<td>wordpress_logged_in<\/td>\n<td>mediapark6.de<\/td>\n<td>Session<\/td>\n<\/tr>\n<tr>\n<td>wordpress_logged_in_akm_mobile<\/td>\n<td>mediapark6.de<\/td>\n<td>Session<\/td>\n<\/tr>\n<tr>\n<td>wp-lang<\/td>\n<td>mediapark6.de<\/td>\n<td>Session<\/td>\n<\/tr>\n<tr>\n<td>wp-settings<\/td>\n<td>mediapark6.de<\/td>\n<td>Session<\/td>\n<\/tr>\n<tr>\n<td>wp-settings-akm_mobile<\/td>\n<td>mediapark6.de<\/td>\n<td>Session<\/td>\n<\/tr>\n<tr>\n<td>wp-settings-time<\/td>\n<td>mediapark6.de<\/td>\n<td>1 year<\/td>\n<\/tr>\n<tr>\n<td>wp-settings-time-akm_mobile<\/td>\n<td>mediapark6.de<\/td>\n<td>Session<\/td>\n<\/tr>\n<tr>\n<td>wp-postpass<\/td>\n<td>mediapark6.de<\/td>\n<td>1 week<\/td>\n<\/tr>\n<tr>\n<td>ab<\/td>\n<td>mediapark6.de<\/td>\n<td>Session<\/td>\n<\/tr>\n<tr>\n<td>akm_mobile<\/td>\n<td>mediapark6.de<\/td>\n<td>1  day<\/td>\n<\/tr>\n<tr>\n<td>wfwaf-authcookie<\/td>\n<td>mediapark6.de<\/td>\n<td>1 year<\/td>\n<\/tr>\n<tr>\n<td>wf_loginalerted<\/td>\n<td>mediapark6.de<\/td>\n<td>1 year<\/td>\n<\/tr>\n<tr>\n<td>wfCBLBypass<\/td>\n<td>mediapark6.de<\/td>\n<td>1 year<\/td>\n<\/tr>\n<\/tbody>\n<\/table>\n<h4>Modification of our Privacy Policy:<\/h4>\n<p>We reserve the right to occasionally adjust this privacy policy to ensure that it always complies with current legal requirements or to implement changes to our services in the privacy policy, such as the introduction of new services. The new privacy policy will apply to your subsequent visits.<\/p>\n<h4>Questions to the Data Protection Officer:<\/h4>\n<p>If you have any questions regarding data protection, please feel free to write us an email.<\/p>\t\t\t\t\t<\/div>\n\t\t\t\t\t\t<\/div>\n\t\t\t\t<\/div>\n\t\t\t\t<div class=\"elementor-element elementor-element-43d36e3 white elementor-hidden-desktop elementor-hidden-tablet elementor-hidden-mobile elementor-widget elementor-widget-text-editor\" data-id=\"43d36e3\" data-element_type=\"widget\" data-widget_type=\"text-editor.default\">\n\t\t\t\t<div class=\"elementor-widget-container\">\n\t\t\t\t\t\t\t\t<div class=\"elementor-text-editor elementor-clearfix\">\n\t\t\t\t<h2>Data Protection Declaration<\/h2><h4>General Information<\/h4><p>This offer is subject to availability. The information provided is deemed accurate, but no guarantee can be given for its correctness. They are explicitly not part of the contract. Changes are reserved.<\/p><p>Die in unserer Website bzw. in unserem Investment Memorandum enthaltenen Angaben basieren auf den uns \u00fcbermittelten Informationen. Wir bem\u00fchen uns, \u00fcber Vertragspartner und Objekte vollst\u00e4ndige und richtige Angaben zu erhalten und wiederzugeben; wir k\u00f6nnen diese jedoch nicht auf Richtigkeit pr\u00fcfen. Dies gilt insbesondere f\u00fcr Angaben zu Mietern, Miet- und Mietfl\u00e4chenaufstellungen und \u00e4hnliches. Eine Haftung f\u00fcr deren Richtigkeit und Vollst\u00e4ndigkeit wird von uns nicht \u00fcbernommen.<\/p><p>Grundlage f\u00fcr die Erstellung der Website bzw. des Investment Memorandums waren die zum Zeitpunkt der Erstellung uns bekannt gemachten Sachverhalte. \u00c4nderungen und Irrtum bleiben vorbehalten, ma\u00dfgebend sind die Angaben im Kaufvertrag.<\/p><p>Immobilieneigentum unterliegt den f\u00fcr Grundbesitz generellen Chancen und Risiken. Die Chancen und Risiken eines Immobilienerwerbs muss jeder Interessent f\u00fcr sich selbst sorgf\u00e4ltig abw\u00e4gen. Die zwischen Verk\u00e4ufern und K\u00e4ufern sowie mit uns gef\u00fchrten Gespr\u00e4che stellen keine steuerliche oder rechtliche Beratung dar; dies bleibt den steuer- und rechtsberatenden Berufen vorbehalten. Jeder Immobilienerwerber sollte die in dieser Website bzw. in diesem Investment Memorandum dargestellten Tatsachen, Annahmen und Schlussfolgerungen in Bezug auf seine pers\u00f6nlichen Verh\u00e4ltnisse selbst beurteilen. Dieses Angebot ist nur f\u00fcr den Empf\u00e4nger pers\u00f6nlich bestimmt. Eine Weitergabe dieses Angebotes an Dritte ist nur mit unserer ausdr\u00fccklichen, schriftlichen Zustimmung gestattet.<\/p><h4>Hinweis nach DS-GVO<\/h4><p>Soweit Sie mit uns in Kontakt treten, um Informationen und Angebote zu unseren Produkten und Dienstleistungen zu erhalten, erheben, verarbeiten und nutzen wir personenbezogene Daten von Ihnen und\/oder Ihren Mitarbeitern zur Bearbeitung des jeweiligen Anliegens und zur Erf\u00fcllung von Vertr\u00e4gen. Zu den Daten geh\u00f6ren beispielsweise Ihr Name, Adress- und Kontaktdaten, Daten zu Immobilien einschlie\u00dflich Verk\u00e4ufen, Vermietungen und anderer Kennzahlen f\u00fcr eine Bewertung. Wenn Sie Fragen zum Thema Datenschutz haben, finden Sie weitere Informationen auf unserer Internetseite <a href=\"https:\/\/www.savills.de\/footer\/informationen-dsgvo.aspx\" target=\"_blank\" rel=\"noopener\">https:\/\/www.savills.de\/footer\/informationen-dsgvo.aspx<\/a>. Sie k\u00f6nnen sich mit Fragen oder mit einem Verlangen auf Auskunft, Berichtigung, L\u00f6schung und sonstiger Rechte im Zusammenhang mit der Verarbeitung Ihrer Daten an uns oder an unseren Datenschutzbeauftragten unter unserer Postanschrift oder unter der E-Mail-Adresse <a href=\"mailto:datenschutz@savills.de\">datenschutz@savills.de<\/a> wenden.<\/p><h4>Geldw\u00e4schepr\u00e4vention bei Immobiliengesch\u00e4ften<\/h4><p>Als Immobilienberater sind wir nach geltendem Gesetz verpflichtet, bestimmte Informationen \u00fcber unsere Kunden und deren Vertragspartner zur Durchf\u00fchrung einer Geldw\u00e4schepr\u00fcfung einzuholen. Unsere Kunden sowie deren Vertragspartner wiederum sind gesetzlich dazu verpflichtet, diese Ausk\u00fcnfte wahrheitsgem\u00e4\u00df zu erteilen.<\/p><p>Um die notwendige Erf\u00fcllung der Sorgfaltspflichten sowohl f\u00fcr unsere Gesch\u00e4ftspartner sowie deren Vertragspartner als auch f\u00fcr uns als Verpflichtete nach dem GwG m\u00f6glichst einfach und \u00fcberschaubar zu gestalten, haben wir die gesetzlichen Vorgaben auf einem Kundenfragebogen und einem dazugeh\u00f6rigen Merkblatt zusammengefasst. Mit diesem Fragebogen bitten wir Sie direkt um Mitteilung der Informationen, die wir nach dem GwG ben\u00f6tigen. Die Dokumente werden Ihnen separat zur Verf\u00fcgung gestellt.<\/p>\t\t\t\t\t<\/div>\n\t\t\t\t\t\t<\/div>\n\t\t\t\t<\/div>\n\t\t\t\t\t\t<\/div>\n\t\t\t\t\t<\/div>\n\t\t<\/div>\n\t\t\t\t\t\t\t\t<\/div>\n\t\t\t\t\t<\/div>\n\t\t<\/section>\n\t\t\t\t\t\t<\/div>\n\t\t\t\t\t<\/div>\n\t\t<\/div>\n\t\t\t\t\t\t\t\t<\/div>\n\t\t\t\t\t<\/div>\n\t\t<\/section>\n\t\t\t\t\t\t\t\t\t<\/div>\n\t\t\t<\/div>\n\t\t\t\t\t<\/div>\n\t\t<script><\/script>","protected":false},"excerpt":{"rendered":"<p>Datenschutz Verantwortliche Stelle im Sinne der Datenschutzgesetze ist: Blackbear Real Estate GmbH Erfassung allgemeiner Informationen: Wenn Sie auf unsere Webseite zugreifen, werden automatisch Informationen allgemeiner Natur erfasst. Diese Informationen (Server-Logfiles) beinhalten etwa die Art des Webbrowsers, das verwendete Betriebssystem, den Domainnamen Ihres Internet Service Providers und \u00c4hnliches. Hierbei handelt es sich ausschlie\u00dflich um Informationen, welche [&hellip;]<\/p>","protected":false},"author":2,"featured_media":0,"parent":0,"menu_order":11,"comment_status":"closed","ping_status":"closed","template":"elementor_header_footer","meta":[],"_links":{"self":[{"href":"https:\/\/mediapark6.de\/en\/wp-json\/wp\/v2\/pages\/3357"}],"collection":[{"href":"https:\/\/mediapark6.de\/en\/wp-json\/wp\/v2\/pages"}],"about":[{"href":"https:\/\/mediapark6.de\/en\/wp-json\/wp\/v2\/types\/page"}],"author":[{"embeddable":true,"href":"https:\/\/mediapark6.de\/en\/wp-json\/wp\/v2\/users\/2"}],"replies":[{"embeddable":true,"href":"https:\/\/mediapark6.de\/en\/wp-json\/wp\/v2\/comments?post=3357"}],"version-history":[{"count":20,"href":"https:\/\/mediapark6.de\/en\/wp-json\/wp\/v2\/pages\/3357\/revisions"}],"predecessor-version":[{"id":5102,"href":"https:\/\/mediapark6.de\/en\/wp-json\/wp\/v2\/pages\/3357\/revisions\/5102"}],"wp:attachment":[{"href":"https:\/\/mediapark6.de\/en\/wp-json\/wp\/v2\/media?parent=3357"}],"curies":[{"name":"wp","href":"https:\/\/api.w.org\/{rel}","templated":true}]}}