{"id":3350,"date":"2020-04-15T16:12:12","date_gmt":"2020-04-15T14:12:12","guid":{"rendered":"http:\/\/mediapark6.de\/?page_id=3350"},"modified":"2024-02-08T08:51:58","modified_gmt":"2024-02-08T07:51:58","slug":"impressum","status":"publish","type":"page","link":"https:\/\/mediapark6.de\/en\/impressum\/","title":{"rendered":"Legal Notice"},"content":{"rendered":"<div data-elementor-type=\"wp-page\" data-elementor-id=\"3350\" class=\"elementor elementor-3350\">\n\t\t\t\t\t\t<div class=\"elementor-inner\">\n\t\t\t\t<div class=\"elementor-section-wrap\">\n\t\t\t\t\t\t\t\t\t<section class=\"elementor-section elementor-top-section elementor-element elementor-element-ad0795b elementor-section-stretched elementor-section-full_width elementor-section-height-default elementor-section-height-default\" data-id=\"ad0795b\" data-element_type=\"section\" data-settings=\"{&quot;stretch_section&quot;:&quot;section-stretched&quot;}\">\n\t\t\t\t\t\t<div class=\"elementor-container elementor-column-gap-no\">\n\t\t\t\t\t\t\t<div class=\"elementor-row\">\n\t\t\t\t\t<div class=\"elementor-column elementor-col-100 elementor-top-column elementor-element elementor-element-035b5dd\" data-id=\"035b5dd\" data-element_type=\"column\">\n\t\t\t<div class=\"elementor-column-wrap elementor-element-populated\">\n\t\t\t\t\t\t\t<div class=\"elementor-widget-wrap\">\n\t\t\t\t\t\t<section class=\"elementor-section elementor-inner-section elementor-element elementor-element-c0d220d elementor-section-boxed elementor-section-height-default elementor-section-height-default\" data-id=\"c0d220d\" data-element_type=\"section\">\n\t\t\t\t\t\t<div class=\"elementor-container elementor-column-gap-default\">\n\t\t\t\t\t\t\t<div class=\"elementor-row\">\n\t\t\t\t\t<div class=\"elementor-column elementor-col-100 elementor-inner-column elementor-element elementor-element-a65a56c\" data-id=\"a65a56c\" data-element_type=\"column\">\n\t\t\t<div class=\"elementor-column-wrap elementor-element-populated\">\n\t\t\t\t\t\t\t<div class=\"elementor-widget-wrap\">\n\t\t\t\t\t\t<div class=\"elementor-element elementor-element-026b615 elementor-widget elementor-widget-spacer\" data-id=\"026b615\" data-element_type=\"widget\" data-widget_type=\"spacer.default\">\n\t\t\t\t<div class=\"elementor-widget-container\">\n\t\t\t\t\t<div class=\"elementor-spacer\">\n\t\t\t<div class=\"elementor-spacer-inner\"><\/div>\n\t\t<\/div>\n\t\t\t\t<\/div>\n\t\t\t\t<\/div>\n\t\t\t\t<div class=\"elementor-element elementor-element-6bd3979 white elementor-widget elementor-widget-text-editor\" data-id=\"6bd3979\" data-element_type=\"widget\" data-widget_type=\"text-editor.default\">\n\t\t\t\t<div class=\"elementor-widget-container\">\n\t\t\t\t\t\t\t\t<div class=\"elementor-text-editor elementor-clearfix\">\n\t\t\t\t<h2><span style=\"letter-spacing: 0.4em;\">Legal Notice<\/span><\/h2><p>The provider of the website http:\/\/mediapark6.de\/ is<\/p><p><strong>Blackbear Real Estate GmbH<\/strong><br \/>Herzogstra\u00dfe 18<br \/>40217 D\u00fcsseldorf<\/p><p>Phone Number: +49 211.520 980 10<br \/>Fax Number: +49 211.520 980 19<br \/>E-Mail: <a href=\"mailto:info@bbreal.de\">info@bbreal.de<\/a><\/p><p><strong>Represented by:<\/strong><br \/>Robert Kellershohn and Uwe Willer<\/p><p><strong>Register Entry:<\/strong><br \/>Registered in the Commercial Register.<br \/>Register Court: D\u00fcsseldorf<br \/>Register Number: 69547<\/p><p><strong>VAT Identification Number:<\/strong><br \/>VAT Identification Number according to \u00a727a of the German Value Added Tax Act: 106-5703-1727<\/p><p><strong>Supervisory Authority:<\/strong> State Capital D\u00fcsseldorf<\/p><p><strong>Bildnachweis:<\/strong><br \/>\u00a9 Gordon Bussiek<br \/>Die Nutzung oder Vervielf\u00e4ltigung von Informationen oder Daten bedarf der vorherigen Zustimmung des Fotografen oder der jeweiligen Rechteinhaber.<\/p><p><strong>Konzeption, Programmierung und technische Betreuung:<\/strong><br \/>HHVISION<br \/><a href=\"https:\/\/hh-vision.de\/\">hh-vision.de<\/a><\/p><p>\u00a0<\/p><p><strong>\u00a7 1 Limitation of Liability<\/strong><br \/>The contents of this website are created with the utmost care. However, Blackbear Real Estate GmbH does not guarantee the accuracy, completeness, and timeliness of the provided content. The use of the content of the website is at the user's own risk. Contributions identified by name reflect the opinion of the respective author and not necessarily the opinion of Blackbear Real Estate GmbH. The mere use of the provider's website does not establish any contractual relationship between the user and Blackbear Real Estate GmbH.<\/p><p><strong>\u00a7 2 External Links<\/strong><br \/>This website contains links to third-party websites (\"external links\"). These websites are the responsibility of their respective operators. Blackbear Real Estate GmbH checked the external content for any legal violations when the links were first created. At that time, no legal violations were apparent. Blackbear Real Estate GmbH has no influence on the current and future design and content of the linked pages. The inclusion of external links does not imply that Blackbear Real Estate GmbH endorses the content behind the reference or link. Continuous monitoring of external links by Blackbear Real Estate GmbH without specific indications of legal violations is not reasonable. However, if legal violations become known, such external links will be promptly deleted.<\/p><p><strong>\u00a7 3 Copyright and Performance Rights<\/strong><br \/>The contents published on this website are subject to German copyright and performance protection law. Any use not permitted by German copyright and performance protection law requires the prior written consent of Blackbear Real Estate GmbH or the respective rights holder. This applies in particular to the reproduction, editing, translation, storage, processing, or reproduction of content in databases or other electronic media and systems. Content and rights of third parties are marked as such. Unauthorized reproduction or distribution of individual content or entire pages is not permitted and is punishable by law. Only the production of copies and downloads for personal, private, and non-commercial use is permitted.<\/p><p>The presentation of this website in external frames is only permitted with written permission.<\/p><p><strong>\u00a7 4 Special Terms of Use<\/strong><br \/>Where special conditions for individual uses of this website deviate from the aforementioned paragraphs, explicit reference is made to them at the respective location. In such cases, the special terms of use apply in the individual case.<\/p>\t\t\t\t\t<\/div>\n\t\t\t\t\t\t<\/div>\n\t\t\t\t<\/div>\n\t\t\t\t<div class=\"elementor-element elementor-element-d04226c white elementor-hidden-desktop elementor-hidden-tablet elementor-hidden-mobile elementor-widget elementor-widget-text-editor\" data-id=\"d04226c\" data-element_type=\"widget\" data-widget_type=\"text-editor.default\">\n\t\t\t\t<div class=\"elementor-widget-container\">\n\t\t\t\t\t\t\t\t<div class=\"elementor-text-editor elementor-clearfix\">\n\t\t\t\t<h2><span style=\"letter-spacing: 0.4em;\">Legal Notice<\/span><\/h2><p>The provider of the website http:\/\/mediapark6.de\/ is<\/p><p>Savills Immobilien Beratungs-GmbH<br \/>Taunusanlage 18<br \/>60325 Frankfurt am Main<\/p><p><strong>Handelsregister:<\/strong><br \/>HRB 13392, Amtsgericht Frankfurt am Main<\/p><p>Vertreten wird die Savills Immobilien Beratungs-GmbH durch ihre Gesch\u00e4ftsf\u00fchrer:<br \/>Marcus Lemli (Vorsitzender der Gesch\u00e4ftsleitung)<br \/>Panajotis Aspiotis<br \/>Dra\u017eenko Grahovac MRICS<br \/>Christian Leska<br \/>Karsten Nemecek CFA<br \/>Christian Valenthon<\/p><p><strong>Kontakt:<\/strong><br \/>Savills Immobilien Beratungs-GmbH<br \/>Taunusanlage 18<br \/>60325 Frankfurt am Main<br \/>E-Mail: <a href=\"mailto:webservices@savills.de\">webservices@savills.de<\/a><br \/>Tel: +49 030 726 165 130<\/p><p><strong>Umsatzsteueridentifikationsnummer<\/strong><br \/>DE 114229552<\/p><p><strong>Berufsrechtliche Erlaubnis:<\/strong><br \/>Savills Immobilien Beratungs-GmbH ist Inhaberin einer berufsrechtliche Erlaubnis nach \u00a7 34c Gewerbeordnung<\/p><p><strong>Zust\u00e4ndige Aufsichtsbeh\u00f6rde:<\/strong><br \/>Stadt Frankfurt am Main, Ordnungsamt, Kleyerstra\u00dfe 86, 60326 Frankfurt am Main. Tel.: 069\/212-44422; Fax: 069\/212-43330; E-Mail <a href=\"mailto:gewerbeinfo@stadt-frankfurt.de\">gewerbeinfo@stadt-frankfurt.de<\/a><\/p><p><strong>HAFTUNGSAUSSCHLUSS:<\/strong><br \/>Alle Rechte des Online-Auftritts http:\/\/mediapark6.de bleiben der Savills Immobilien Beratungs-GmbH vorbehalten.<\/p><p>Die Inhalte der Website der Savills Immobilien Beratungs-GmbH sind ausschlie\u00dflich f\u00fcr den pers\u00f6nlichen Bedarf zu nutzen. Das unautorisierte Kopieren, Weiterverwenden oder Ver\u00e4ndern der Website ist nicht gestattet. Die Savills Immobilien Beratungs-GmbH \u00fcbernimmt keine Garantie oder Haftung f\u00fcr die Zugangsm\u00f6glichkeit oder deren Zugriffsqualit\u00e4t und die Art der Darstellung.<\/p><p>Die Savills Immobilien Beratungs-GmbH ist nicht verantwortlich f\u00fcr die Inhalte verlinkter Seiten au\u00dferhalb des Internetauftritts der Savills Immobilien Beratungs-GmbH.<\/p><p><strong>ONLINE-STREITBEILEGUNG:<\/strong><br \/>Die Europ\u00e4ische Kommission bietet eine Plattform zur Online-Streitbeilegung an, die Sie unter <a href=\"http:\/\/ec.europa.eu\/consumers\/odr\" target=\"_blank\" rel=\"noopener\">http:\/\/ec.europa.eu\/consumers\/odr<\/a> finden.<br \/>Im Streitfalle k\u00f6nnen Sie Ihre Beschwerde per E-Mail an <a href=\"mailto:webservices@savills.de\">webservices@savills.de<\/a> richten.<\/p><p>Savills Immobilien Beratungs-GmbH ist weder bereit noch verpflichtet, an Streitbeilegungsverfahren vor Verbraucherschlichtungsstellen teilzunehmen.<\/p><p><strong>URHEBERRECHTLICHE HINWEISE:<\/strong><br \/>Die Savills Immobilien Beratungs-GmbH ist Inhaberin der entsprechenden Nutzungsrechte f\u00fcr Bilder, Grafiken, Tondokumente, Videosequenzen und Texte auf der Website http:\/\/mediapark6.de\/<\/p><p><strong>NUTZUNGSBEDINGUNGEN:<\/strong><br \/>Alle Rechte des Online-Auftritts http:\/\/mediapark6.de\/ bleiben der Savills Immobilien Beratungs-GmbH vorbehalten.<\/p><p>Das unautorisierte Kopieren, Weiterverwenden oder Ver\u00e4ndern der Inhalte der Website http:\/\/mediapark6.de\/ ist nicht gestattet. Savills und das Savills-Logo sind im Namen der Savills plc in Gro\u00dfbritannien und anderen L\u00e4ndern eingetragene Warenzeichen.<\/p><p>Die Savills Immobilien Beratungs-GmbH \u00fcbernimmt keine Garantie oder Haftung f\u00fcr die Zugangsm\u00f6glichkeit oder deren Zugriffsqualit\u00e4t und die Art der Darstellung.<\/p><p>Die Savills Immobilien Beratungs-GmbH ist nicht verantwortlich f\u00fcr die Inhalte verlinkter Seiten au\u00dferhalb des Internetauftritts der Savills Immobilien Beratungs-GmbH.<\/p>\t\t\t\t\t<\/div>\n\t\t\t\t\t\t<\/div>\n\t\t\t\t<\/div>\n\t\t\t\t\t\t<\/div>\n\t\t\t\t\t<\/div>\n\t\t<\/div>\n\t\t\t\t\t\t\t\t<\/div>\n\t\t\t\t\t<\/div>\n\t\t<\/section>\n\t\t\t\t\t\t<\/div>\n\t\t\t\t\t<\/div>\n\t\t<\/div>\n\t\t\t\t\t\t\t\t<\/div>\n\t\t\t\t\t<\/div>\n\t\t<\/section>\n\t\t\t\t\t\t\t\t\t<\/div>\n\t\t\t<\/div>\n\t\t\t\t\t<\/div>\n\t\t<script><\/script>","protected":false},"excerpt":{"rendered":"<p>Impressum Anbieter der Website http:\/\/mediapark6.de\/ ist die Blackbear Real Estate GmbHHerzogstra\u00dfe 1840217 D\u00fcsseldorf Telefon: +49 211.520 980 10Telefax: +49 211.520 980 19E-Mail: info@bbreal.de Vertreten durch:Robert Kellershohn und Uwe Willer Registereintrag:Eingetragen im Handelsregister.Registergericht: D\u00fcsseldorfRegisternummer: 69547 Umsatzsteuer-ID:Umsatzsteuer-Identifikationsnummer nach \u00a727a Umsatzsteuergesetz: 106-5703-1727 Aufsichtsbeh\u00f6rde: Landeshauptstadt D\u00fcsseldorf Bildnachweis:\u00a9 Gordon BussiekDie Nutzung oder Vervielf\u00e4ltigung von Informationen oder Daten bedarf der vorherigen [&hellip;]<\/p>","protected":false},"author":2,"featured_media":0,"parent":0,"menu_order":10,"comment_status":"closed","ping_status":"closed","template":"elementor_header_footer","meta":[],"_links":{"self":[{"href":"https:\/\/mediapark6.de\/en\/wp-json\/wp\/v2\/pages\/3350"}],"collection":[{"href":"https:\/\/mediapark6.de\/en\/wp-json\/wp\/v2\/pages"}],"about":[{"href":"https:\/\/mediapark6.de\/en\/wp-json\/wp\/v2\/types\/page"}],"author":[{"embeddable":true,"href":"https:\/\/mediapark6.de\/en\/wp-json\/wp\/v2\/users\/2"}],"replies":[{"embeddable":true,"href":"https:\/\/mediapark6.de\/en\/wp-json\/wp\/v2\/comments?post=3350"}],"version-history":[{"count":23,"href":"https:\/\/mediapark6.de\/en\/wp-json\/wp\/v2\/pages\/3350\/revisions"}],"predecessor-version":[{"id":5114,"href":"https:\/\/mediapark6.de\/en\/wp-json\/wp\/v2\/pages\/3350\/revisions\/5114"}],"wp:attachment":[{"href":"https:\/\/mediapark6.de\/en\/wp-json\/wp\/v2\/media?parent=3350"}],"curies":[{"name":"wp","href":"https:\/\/api.w.org\/{rel}","templated":true}]}}